{"id":15049,"date":"2020-02-18T15:03:27","date_gmt":"2020-02-18T14:03:27","guid":{"rendered":"https:\/\/sanjessafari.nl\/startseite\/"},"modified":"2025-11-03T12:46:57","modified_gmt":"2025-11-03T11:46:57","slug":"startseite","status":"publish","type":"page","link":"https:\/\/sanjessafari.nl\/de\/","title":{"rendered":"Startseite"},"content":{"rendered":"<section class=\"l-section wpb_row height_auto width_full\"><div class=\"l-section-overlay\" style=\"background:#6dbd92\"><\/div><div class=\"l-section-h i-cf\"><div class=\"g-cols vc_row via_flex valign_top type_default stacking_default\"><div class=\"vc_col-sm-12 wpb_column vc_column_container\"><div class=\"vc_column-inner\"><div class=\"wpb_wrapper\"><div class=\"wpb_text_column noldt\"><div class=\"wpb_wrapper\">\n\t\t\t\t<p class=\"rs-p-wp-fix\"><\/p>\n\t\t\t\t<sr7-module data-alias=\"sanjes-safari-home\" data-id=\"1\" id=\"SR7_1_1\" class=\"rs-ov-hidden\" data-version=\"6.7.54\">\n\t\t\t\t\t<sr7-adjuster><\/sr7-adjuster>\n\t\t\t\t\t<sr7-content>\n\t\t\t\t\t\t<sr7-slide id=\"SR7_1_1-21\" data-key=\"21\">\n\t\t\t\t\t\t\t<sr7-txt id=\"SR7_1_1-21-3\" class=\"sr7-layer\">Starte deine<br\/>Safari hier!<\/sr7-txt>\n\t\t\t\t\t\t\t<sr7-txt id=\"SR7_1_1-21-4\" class=\"sr7-layer\"><i class=\"material-icons\">arrow_downward<\/i><\/sr7-txt>\n\t\t\t\t\t\t<\/sr7-slide>\n\t\t\t\t\t\t<sr7-slide id=\"SR7_1_1-10\" data-key=\"10\">\n\t\t\t\t\t\t<\/sr7-slide>\n\t\t\t\t\t<\/sr7-content>\n\t\t\t\t\t<image_lists style=\"display:none\">\n\t\t\t\t\t\t<img data-src=\"\/\/sanjessafari.nl\/wp-content\/uploads\/2020\/02\/Sanjes-Safari-graphic-home-1.png\" data-libid=\"9\" data-lib=\"medialibrary\" alt=\"Sanjes Safari\" title=\"Sanjes Safari\" width=\"0\" height=\"0\" data-dbsrc=\"Ly9zYW5qZXNzYWZhcmkubmwvd3AtY29udGVudC91cGxvYWRzLzIwMjAvMDIvU2FuamVzLVNhZmFyaS1ncmFwaGljLWhvbWUtMS5wbmc=\"\/>\n\t\t\t\t\t<\/image_lists>\n\t\t\t\t<\/sr7-module>\n\t\t\t\t<script>\n\t\t\t\t\twindow.SR7 ??={};SR7.PMH ??={}; SR7.PMH[\"SR7_1_1\"] = {cn:100,state:false,fn: function() { if (window._tpt!==undefined && window._tpt.prepareModuleHeight !== undefined) {  _tpt.prepareModuleHeight({id:\"SR7_1_1\",el:[900,900,800,700,700],type:'hero',shdw:'0',gh:[900,900,800,700,700],gw:[1240,1240,1024,778,480],vpt:['-200px&#039;,&#039;-200px&#039;,&#039;-200px&#039;,&#039;-200px&#039;,&#039;-200px'],size:{fullWidth:true, fullHeight:true},fho:'',mh:'0',onh:0,onw:0,bg:{color:'{\"orig\":\"transparent\",\"type\":\"solid\",\"string\":\"transparent\"}'}});   SR7.PMH[\"SR7_1_1\"].state=true;} else if(SR7.PMH[\"SR7_1_1\"].cn-->0)\tsetTimeout( SR7.PMH[\"SR7_1_1\"].fn,19);}};SR7.PMH[\"SR7_1_1\" ].fn();\n\t\t\t\t<\/script>\n\n<\/div><\/div><div class=\"wpb_text_column nomdt\"><div class=\"wpb_wrapper\">\n\t\t\t\t<p class=\"rs-p-wp-fix\"><\/p>\n\t\t\t\t<sr7-module data-alias=\"sanjes-safari-home-large\" data-id=\"2\" id=\"SR7_2_2\" class=\"rs-ov-hidden\" data-version=\"6.7.54\">\n\t\t\t\t\t<sr7-adjuster><\/sr7-adjuster>\n\t\t\t\t\t<sr7-content>\n\t\t\t\t\t\t<sr7-slide id=\"SR7_2_2-23\" data-key=\"23\">\n\t\t\t\t\t\t\t<sr7-txt id=\"SR7_2_2-23-3\" class=\"sr7-layer\">Starte deine Safari hier!<\/sr7-txt>\n\t\t\t\t\t\t\t<sr7-txt id=\"SR7_2_2-23-4\" class=\"sr7-layer\"><i class=\"material-icons\">arrow_downward<\/i><\/sr7-txt>\n\t\t\t\t\t\t<\/sr7-slide>\n\t\t\t\t\t\t<sr7-slide id=\"SR7_2_2-11\" data-key=\"11\">\n\t\t\t\t\t\t<\/sr7-slide>\n\t\t\t\t\t<\/sr7-content>\n\t\t\t\t\t<image_lists style=\"display:none\">\n\t\t\t\t\t\t<img data-src=\"\/\/sanjessafari.nl\/wp-content\/uploads\/2020\/02\/Sanjes-Safari-graphic-home-1.png\" data-libid=\"9\" data-lib=\"medialibrary\" alt=\"Sanjes Safari\" title=\"Sanjes Safari\" width=\"0\" height=\"0\" data-dbsrc=\"Ly9zYW5qZXNzYWZhcmkubmwvd3AtY29udGVudC91cGxvYWRzLzIwMjAvMDIvU2FuamVzLVNhZmFyaS1ncmFwaGljLWhvbWUtMS5wbmc=\"\/>\n\t\t\t\t\t<\/image_lists>\n\t\t\t\t<\/sr7-module>\n\t\t\t\t<script>\n\t\t\t\t\twindow.SR7 ??={};SR7.PMH ??={}; SR7.PMH[\"SR7_2_2\"] = {cn:100,state:false,fn: function() { if (window._tpt!==undefined && window._tpt.prepareModuleHeight !== undefined) {  _tpt.prepareModuleHeight({id:\"SR7_2_2\",el:[900,900,800,700,700],type:'hero',shdw:'0',gh:[900,900,800,700,700],gw:[1240,1240,1024,778,480],vpt:['-200px&#039;,&#039;-200px&#039;,&#039;-200px&#039;,&#039;-200px&#039;,&#039;-200px'],size:{fullWidth:false, fullHeight:false},mh:'0',onh:0,onw:0,bg:{color:'{\"orig\":\"transparent\",\"type\":\"solid\",\"string\":\"transparent\"}'}});   SR7.PMH[\"SR7_2_2\"].state=true;} else if(SR7.PMH[\"SR7_2_2\"].cn-->0)\tsetTimeout( SR7.PMH[\"SR7_2_2\"].fn,19);}};SR7.PMH[\"SR7_2_2\" ].fn();\n\t\t\t\t<\/script>\n\n<\/div><\/div><\/div><\/div><\/div><\/div><\/div><\/section><section class=\"l-section wpb_row height_auto width_full with_shape\"><div class=\"l-section-overlay\" style=\"background:#fcfae1\"><\/div><div class=\"l-section-shape type_wave pos_top\" style=\"height:15vmin;color:#6dbd92\"><svg xmlns=\"http:\/\/www.w3.org\/2000\/svg\" viewBox=\"0 4 64 4\" preserveAspectRatio=\"none\" width=\"100%\" height=\"100%\">\r\n\t<path fill=\"currentColor\" d=\"M64 6 C32 0 32 12 0 6 L0 8 L64 8 Z\"\/>\r\n<\/svg><\/div><div class=\"l-section-h i-cf\"><div class=\"g-cols vc_row via_flex valign_bottom type_boxes stacking_default\"><div class=\"vc_col-sm-6 wpb_column vc_column_container paddingleftdt\"><div class=\"vc_column-inner us_custom_566b5a22\"><div class=\"wpb_wrapper\"><div class=\"w-separator size_custom\" style=\"height:10rem\" id=\"aaa4\"><style>@media(max-width:1679px){ #aaa4{height:6rem!important}}@media(max-width:768px){ #aaa4{height:6rem!important}}<\/style><\/div><div class=\"wpb_text_column us_custom_452b1187\"><div class=\"wpb_wrapper\"><p><span style=\"color: #c66a1e;\">TIERGARTEN<\/span><\/p>\n<\/div><\/div><div class=\"wpb_text_column biggerh2\"><div class=\"wpb_wrapper\"><h2><span style=\"color: #994216;\">Was f\u00fcr ein tierisches Durcheinander im Zoo!<\/span><\/h2>\n<\/div><\/div><div class=\"wpb_text_column biggerh2\"><div class=\"wpb_wrapper\"><p><span style=\"color: #c56a1e;\">In unserem Zoo gibt es ein wahres Tierchaos. V\u00f6gel, Pferde, Erdm\u00e4nnchen, Ziegen, Nasenb\u00e4ren&#8230; sie sind alle um dich herum. <\/span><\/p>\n<\/div><\/div><div class=\"w-btn-wrapper align_none\"><a class=\"w-btn us-btn-style_5\" title=\"zoo\" href=\"https:\/\/sanjessafari.nl\/de\/zoo\/\"><span class=\"w-btn-label\">Mehr entdecken<\/span><\/a><\/div><div class=\"w-separator size_custom\" style=\"height:6rem\" id=\"cfca\"><style>@media(max-width:1679px){ #cfca{height:3rem!important}}@media(max-width:768px){ #cfca{height:0rem!important}}<\/style><\/div><\/div><\/div><\/div><div class=\"vc_col-sm-6 wpb_column vc_column_container\"><div class=\"vc_column-inner us_custom_41596815\"><div class=\"wpb_wrapper\"><div class=\"wpb_text_column us_custom_bc1e1c3e\"><div class=\"wpb_wrapper\"><p><img loading=\"lazy\" decoding=\"async\" class=\"alignnone size-full wp-image-153\" src=\"https:\/\/sanjessafari.nl\/wp-content\/uploads\/2020\/04\/dierenpark-banner.png\" alt=\"Tierpark-Banner\" width=\"2000\" height=\"1110\" srcset=\"https:\/\/sanjessafari.nl\/wp-content\/uploads\/2020\/04\/dierenpark-banner.png 2000w, https:\/\/sanjessafari.nl\/wp-content\/uploads\/2020\/04\/dierenpark-banner-300x167.png 300w, https:\/\/sanjessafari.nl\/wp-content\/uploads\/2020\/04\/dierenpark-banner-1024x568.png 1024w, https:\/\/sanjessafari.nl\/wp-content\/uploads\/2020\/04\/dierenpark-banner-1536x852.png 1536w, https:\/\/sanjessafari.nl\/wp-content\/uploads\/2020\/04\/dierenpark-banner-50x28.png 50w, https:\/\/sanjessafari.nl\/wp-content\/uploads\/2020\/04\/dierenpark-banner-75x42.png 75w, https:\/\/sanjessafari.nl\/wp-content\/uploads\/2020\/04\/dierenpark-banner-100x56.png 100w\" sizes=\"auto, (max-width: 2000px) 100vw, 2000px\" \/><\/p>\n<\/div><\/div><\/div><\/div><\/div><\/div><\/div><\/section><section class=\"l-section wpb_row height_medium width_full\"><div class=\"l-section-overlay\" style=\"background:#e6e1ac\"><\/div><div class=\"l-section-h i-cf\"><div class=\"g-cols vc_row via_flex valign_middle type_boxes reversed stacking_default\"><div class=\"vc_col-sm-6 wpb_column vc_column_container\"><div class=\"vc_column-inner us_custom_5397fbcd\"><div class=\"wpb_wrapper\"><div class=\"w-separator size_custom\" style=\"height:3rem\" id=\"p8ea\"><style>@media(max-width:1439px){ #p8ea{height:0rem!important}}<\/style><\/div><div class=\"wpb_text_column us_custom_101e8caa\"><div class=\"wpb_wrapper\"><p><img loading=\"lazy\" decoding=\"async\" class=\"alignnone size-full wp-image-565\" src=\"https:\/\/sanjessafari.nl\/wp-content\/uploads\/2020\/04\/indoor-speelparadijs-friesland-1.png\" alt=\"Innenspielplatz\" width=\"2000\" height=\"1383\" srcset=\"https:\/\/sanjessafari.nl\/wp-content\/uploads\/2020\/04\/indoor-speelparadijs-friesland-1.png 2000w, https:\/\/sanjessafari.nl\/wp-content\/uploads\/2020\/04\/indoor-speelparadijs-friesland-1-300x207.png 300w, https:\/\/sanjessafari.nl\/wp-content\/uploads\/2020\/04\/indoor-speelparadijs-friesland-1-1024x708.png 1024w, https:\/\/sanjessafari.nl\/wp-content\/uploads\/2020\/04\/indoor-speelparadijs-friesland-1-1536x1062.png 1536w, https:\/\/sanjessafari.nl\/wp-content\/uploads\/2020\/04\/indoor-speelparadijs-friesland-1-50x35.png 50w, https:\/\/sanjessafari.nl\/wp-content\/uploads\/2020\/04\/indoor-speelparadijs-friesland-1-75x52.png 75w, https:\/\/sanjessafari.nl\/wp-content\/uploads\/2020\/04\/indoor-speelparadijs-friesland-1-100x69.png 100w\" sizes=\"auto, (max-width: 2000px) 100vw, 2000px\" \/><\/p>\n<\/div><\/div><\/div><\/div><\/div><div class=\"vc_col-sm-6 wpb_column vc_column_container\"><div class=\"vc_column-inner us_custom_2402a6cc\"><div class=\"wpb_wrapper\"><div class=\"w-separator size_custom\" style=\"height:6rem\" id=\"ld2d\"><style>@media(max-width:1399px){ #ld2d{height:2rem!important}}@media(max-width:768px){ #ld2d{height:2rem!important}}<\/style><\/div><div class=\"wpb_text_column us_custom_452b1187\"><div class=\"wpb_wrapper\"><p><span style=\"color: #c66a1e;\">INNENSPIELPLATZ<\/span><\/p>\n<\/div><\/div><div class=\"wpb_text_column biggerh2\"><div class=\"wpb_wrapper\"><h2><span style=\"color: #994216;\">2500 m\u00b2 Indoor-Spa\u00df!<\/span><\/h2>\n<p>\n<\/div><\/div><div class=\"wpb_text_column biggerh2\"><div class=\"wpb_wrapper\"><p><span style=\"color: #c56a1e;\">Der Indoor-Spielplatz ist ein Indoor-Spielplatz, wie du ihn noch nie gesehen hast! So kannst du auch bei Schnee, Sturm oder Regen spielen.<\/span><\/p>\n<\/div><\/div><div class=\"w-btn-wrapper align_none\"><a class=\"w-btn us-btn-style_5\" title=\"zoo\" href=\"https:\/\/sanjessafari.nl\/de\/indoor\/\"><span class=\"w-btn-label\">Mehr entdecken<\/span><\/a><\/div><div class=\"w-separator size_custom\" style=\"height:6rem\" id=\"o173\"><style>@media(max-width:1399px){ #o173{height:2rem!important}}@media(max-width:768px){ #o173{height:0rem!important}}<\/style><\/div><\/div><\/div><\/div><\/div><\/div><\/section><section class=\"l-section wpb_row height_auto width_full with_shape\"><div class=\"l-section-overlay\" style=\"background:#fcfae1\"><\/div><div class=\"l-section-shape type_wave pos_bottom on_front hor_flip\" style=\"height:15vmin;color:#6dbd92\"><svg xmlns=\"http:\/\/www.w3.org\/2000\/svg\" viewBox=\"0 4 64 4\" preserveAspectRatio=\"none\" width=\"100%\" height=\"100%\">\r\n\t<path fill=\"currentColor\" d=\"M64 6 C32 0 32 12 0 6 L0 8 L64 8 Z\"\/>\r\n<\/svg><\/div><div class=\"l-section-h i-cf\"><div class=\"g-cols vc_row via_flex valign_bottom type_boxes stacking_default\"><div class=\"vc_col-sm-6 wpb_column vc_column_container paddingleftdt\"><div class=\"vc_column-inner us_custom_566b5a22\"><div class=\"wpb_wrapper\"><div class=\"w-separator size_custom\" style=\"height:6rem\" id=\"x581\"><style>@media(max-width:1399px){ #x581{height:2rem!important}}@media(max-width:768px){ #x581{height:2rem!important}}<\/style><\/div><div class=\"wpb_text_column us_custom_452b1187\"><div class=\"wpb_wrapper\"><p><span style=\"color: #c66a1e;\">AUSSENSPIELPARK<\/span><\/p>\n<\/div><\/div><div class=\"wpb_text_column biggerh2\"><div class=\"wpb_wrapper\"><h2><span style=\"color: #994216;\">Reiten, springen<br \/>\nund klettern!<\/span><\/h2>\n<p>\n<\/div><\/div><div class=\"wpb_text_column biggerh2\"><div class=\"wpb_wrapper\"><p><span style=\"color: #c56a1e;\">Von Booten, Autos und einem Zug bis hin zum Klettern und Kraxeln im Kletterturm hat der Spielpark von Sanjes Safari alles zu bieten!  <\/span><\/p>\n<\/div><\/div><div class=\"w-btn-wrapper align_none\"><a class=\"w-btn us-btn-style_5\" title=\"zoo\" href=\"https:\/\/sanjessafari.nl\/de\/outdoor\/\"><span class=\"w-btn-label\">Mehr entdecken<\/span><\/a><\/div><div class=\"w-separator size_custom\" style=\"height:10rem\" id=\"w9b5\"><style>@media(max-width:1399px){ #w9b5{height:7rem!important}}@media(max-width:768px){ #w9b5{height:0rem!important}}<\/style><\/div><\/div><\/div><\/div><div class=\"vc_col-sm-6 wpb_column vc_column_container\"><div class=\"vc_column-inner us_custom_41596815\"><div class=\"wpb_wrapper\"><div class=\"wpb_text_column us_custom_cf8ccb28\"><div class=\"wpb_wrapper\"><p><img loading=\"lazy\" decoding=\"async\" class=\"alignnone size-full wp-image-252\" src=\"https:\/\/sanjessafari.nl\/wp-content\/uploads\/2020\/04\/outdoor-speelpark.png\" alt=\"Au\u00dfenspielpark\" width=\"2000\" height=\"1362\" srcset=\"https:\/\/sanjessafari.nl\/wp-content\/uploads\/2020\/04\/outdoor-speelpark.png 2000w, https:\/\/sanjessafari.nl\/wp-content\/uploads\/2020\/04\/outdoor-speelpark-300x204.png 300w, https:\/\/sanjessafari.nl\/wp-content\/uploads\/2020\/04\/outdoor-speelpark-1024x697.png 1024w, https:\/\/sanjessafari.nl\/wp-content\/uploads\/2020\/04\/outdoor-speelpark-1536x1046.png 1536w, https:\/\/sanjessafari.nl\/wp-content\/uploads\/2020\/04\/outdoor-speelpark-50x34.png 50w, https:\/\/sanjessafari.nl\/wp-content\/uploads\/2020\/04\/outdoor-speelpark-75x51.png 75w, https:\/\/sanjessafari.nl\/wp-content\/uploads\/2020\/04\/outdoor-speelpark-100x68.png 100w\" sizes=\"auto, (max-width: 2000px) 100vw, 2000px\" \/><\/p>\n<\/div><\/div><\/div><\/div><\/div><\/div><\/div><\/section>\n","protected":false},"excerpt":{"rendered":"Starte deineSafari hier! arrow_downward Starte deine Safari hier! arrow_downward TIERGARTEN Was f\u00fcr ein tierisches Durcheinander im Zoo! In unserem Zoo gibt es ein wahres Tierchaos. V\u00f6gel, Pferde, Erdm\u00e4nnchen, Ziegen, Nasenb\u00e4ren&#8230; sie sind alle um dich herum. Mehr entdecken INNENSPIELPLATZ 2500 m\u00b2 Indoor-Spa\u00df! Der Indoor-Spielplatz ist ein Indoor-Spielplatz, wie du ihn noch nie gesehen hast! So...","protected":false},"author":1,"featured_media":15048,"parent":0,"menu_order":0,"comment_status":"closed","ping_status":"closed","template":"","meta":{"_acf_changed":false,"footnotes":""},"class_list":["post-15049","page","type-page","status-publish","has-post-thumbnail","hentry"],"acf":[],"yoast_head":"<!-- This site is optimized with the Yoast SEO plugin v27.5 - https:\/\/yoast.com\/product\/yoast-seo-wordpress\/ -->\n<title>Sanjes Safari | Der sch\u00f6nste Familienpark im Norden der Niederlande<\/title>\n<meta name=\"description\" content=\"Lust auf einen Tagesausflug mit der ganzen Familie? Dann kommen Sie zu Sanjes Safari, dem besten Spiel- und Tierparadies im Norden der Niederlande!\" \/>\n<meta name=\"robots\" content=\"index, follow, max-snippet:-1, max-image-preview:large, max-video-preview:-1\" \/>\n<link rel=\"canonical\" href=\"https:\/\/sanjessafari.nl\/de\/\" \/>\n<meta property=\"og:locale\" content=\"de_DE\" \/>\n<meta property=\"og:type\" content=\"article\" \/>\n<meta property=\"og:title\" content=\"Sanjes Safari | Der sch\u00f6nste Familienpark im Norden der Niederlande\" \/>\n<meta property=\"og:description\" content=\"Lust auf einen Tagesausflug mit der ganzen Familie? Dann kommen Sie zu Sanjes Safari, dem besten Spiel- und Tierparadies im Norden der Niederlande!\" \/>\n<meta property=\"og:url\" content=\"https:\/\/sanjessafari.nl\/de\/\" \/>\n<meta property=\"og:site_name\" content=\"Sanjes Safari | Het leukste familiepark van Noord Nederland\" \/>\n<meta property=\"article:modified_time\" content=\"2025-11-03T11:46:57+00:00\" \/>\n<meta property=\"og:image\" content=\"https:\/\/sanjessafari.nl\/wp-content\/uploads\/2020\/02\/Sanjes-Safari-banner-home.png\" \/>\n\t<meta property=\"og:image:width\" content=\"2500\" \/>\n\t<meta property=\"og:image:height\" content=\"1667\" \/>\n\t<meta property=\"og:image:type\" content=\"image\/png\" \/>\n<meta name=\"twitter:card\" content=\"summary_large_image\" \/>\n<meta name=\"twitter:label1\" content=\"Gesch\u00e4tzte Lesezeit\" \/>\n\t<meta name=\"twitter:data1\" content=\"2\u00a0Minuten\" \/>\n<script type=\"application\/ld+json\" class=\"yoast-schema-graph\">{\"@context\":\"https:\\\/\\\/schema.org\",\"@graph\":[{\"@type\":\"WebPage\",\"@id\":\"https:\\\/\\\/sanjessafari.nl\\\/de\\\/\",\"url\":\"https:\\\/\\\/sanjessafari.nl\\\/de\\\/\",\"name\":\"Sanjes Safari | Der sch\u00f6nste Familienpark im Norden der Niederlande\",\"isPartOf\":{\"@id\":\"https:\\\/\\\/sanjessafari.nl\\\/de\\\/#website\"},\"primaryImageOfPage\":{\"@id\":\"https:\\\/\\\/sanjessafari.nl\\\/de\\\/#primaryimage\"},\"image\":{\"@id\":\"https:\\\/\\\/sanjessafari.nl\\\/de\\\/#primaryimage\"},\"thumbnailUrl\":\"https:\\\/\\\/sanjessafari.nl\\\/wp-content\\\/uploads\\\/2020\\\/02\\\/Sanjes-Safari-banner-home.png\",\"datePublished\":\"2020-02-18T14:03:27+00:00\",\"dateModified\":\"2025-11-03T11:46:57+00:00\",\"description\":\"Lust auf einen Tagesausflug mit der ganzen Familie? Dann kommen Sie zu Sanjes Safari, dem besten Spiel- und Tierparadies im Norden der Niederlande!\",\"breadcrumb\":{\"@id\":\"https:\\\/\\\/sanjessafari.nl\\\/de\\\/#breadcrumb\"},\"inLanguage\":\"de\",\"potentialAction\":[{\"@type\":\"ReadAction\",\"target\":[\"https:\\\/\\\/sanjessafari.nl\\\/de\\\/\"]}]},{\"@type\":\"ImageObject\",\"inLanguage\":\"de\",\"@id\":\"https:\\\/\\\/sanjessafari.nl\\\/de\\\/#primaryimage\",\"url\":\"https:\\\/\\\/sanjessafari.nl\\\/wp-content\\\/uploads\\\/2020\\\/02\\\/Sanjes-Safari-banner-home.png\",\"contentUrl\":\"https:\\\/\\\/sanjessafari.nl\\\/wp-content\\\/uploads\\\/2020\\\/02\\\/Sanjes-Safari-banner-home.png\",\"width\":2500,\"height\":1667,\"caption\":\"Sanjes Safari\"},{\"@type\":\"BreadcrumbList\",\"@id\":\"https:\\\/\\\/sanjessafari.nl\\\/de\\\/#breadcrumb\",\"itemListElement\":[{\"@type\":\"ListItem\",\"position\":1,\"name\":\"Home\",\"item\":\"https:\\\/\\\/sanjessafari.nl\\\/de\\\/\"},{\"@type\":\"ListItem\",\"position\":2,\"name\":\"Startseite\"}]},{\"@type\":\"WebSite\",\"@id\":\"https:\\\/\\\/sanjessafari.nl\\\/de\\\/#website\",\"url\":\"https:\\\/\\\/sanjessafari.nl\\\/de\\\/\",\"name\":\"Sanjes Safari | Het leukste familiepark van Noord Nederland\",\"description\":\"Indoor speelparadijs, outdoor speeltuin, apenkooi, dierentuin, verkeerspark\",\"potentialAction\":[{\"@type\":\"SearchAction\",\"target\":{\"@type\":\"EntryPoint\",\"urlTemplate\":\"https:\\\/\\\/sanjessafari.nl\\\/de\\\/?s={search_term_string}\"},\"query-input\":{\"@type\":\"PropertyValueSpecification\",\"valueRequired\":true,\"valueName\":\"search_term_string\"}}],\"inLanguage\":\"de\"}]}<\/script>\n<!-- \/ Yoast SEO plugin. -->","yoast_head_json":{"title":"Sanjes Safari | Der sch\u00f6nste Familienpark im Norden der Niederlande","description":"Lust auf einen Tagesausflug mit der ganzen Familie? Dann kommen Sie zu Sanjes Safari, dem besten Spiel- und Tierparadies im Norden der Niederlande!","robots":{"index":"index","follow":"follow","max-snippet":"max-snippet:-1","max-image-preview":"max-image-preview:large","max-video-preview":"max-video-preview:-1"},"canonical":"https:\/\/sanjessafari.nl\/de\/","og_locale":"de_DE","og_type":"article","og_title":"Sanjes Safari | Der sch\u00f6nste Familienpark im Norden der Niederlande","og_description":"Lust auf einen Tagesausflug mit der ganzen Familie? Dann kommen Sie zu Sanjes Safari, dem besten Spiel- und Tierparadies im Norden der Niederlande!","og_url":"https:\/\/sanjessafari.nl\/de\/","og_site_name":"Sanjes Safari | Het leukste familiepark van Noord Nederland","article_modified_time":"2025-11-03T11:46:57+00:00","og_image":[{"width":2500,"height":1667,"url":"https:\/\/sanjessafari.nl\/wp-content\/uploads\/2020\/02\/Sanjes-Safari-banner-home.png","type":"image\/png"}],"twitter_card":"summary_large_image","twitter_misc":{"Gesch\u00e4tzte Lesezeit":"2\u00a0Minuten"},"schema":{"@context":"https:\/\/schema.org","@graph":[{"@type":"WebPage","@id":"https:\/\/sanjessafari.nl\/de\/","url":"https:\/\/sanjessafari.nl\/de\/","name":"Sanjes Safari | Der sch\u00f6nste Familienpark im Norden der Niederlande","isPartOf":{"@id":"https:\/\/sanjessafari.nl\/de\/#website"},"primaryImageOfPage":{"@id":"https:\/\/sanjessafari.nl\/de\/#primaryimage"},"image":{"@id":"https:\/\/sanjessafari.nl\/de\/#primaryimage"},"thumbnailUrl":"https:\/\/sanjessafari.nl\/wp-content\/uploads\/2020\/02\/Sanjes-Safari-banner-home.png","datePublished":"2020-02-18T14:03:27+00:00","dateModified":"2025-11-03T11:46:57+00:00","description":"Lust auf einen Tagesausflug mit der ganzen Familie? Dann kommen Sie zu Sanjes Safari, dem besten Spiel- und Tierparadies im Norden der Niederlande!","breadcrumb":{"@id":"https:\/\/sanjessafari.nl\/de\/#breadcrumb"},"inLanguage":"de","potentialAction":[{"@type":"ReadAction","target":["https:\/\/sanjessafari.nl\/de\/"]}]},{"@type":"ImageObject","inLanguage":"de","@id":"https:\/\/sanjessafari.nl\/de\/#primaryimage","url":"https:\/\/sanjessafari.nl\/wp-content\/uploads\/2020\/02\/Sanjes-Safari-banner-home.png","contentUrl":"https:\/\/sanjessafari.nl\/wp-content\/uploads\/2020\/02\/Sanjes-Safari-banner-home.png","width":2500,"height":1667,"caption":"Sanjes Safari"},{"@type":"BreadcrumbList","@id":"https:\/\/sanjessafari.nl\/de\/#breadcrumb","itemListElement":[{"@type":"ListItem","position":1,"name":"Home","item":"https:\/\/sanjessafari.nl\/de\/"},{"@type":"ListItem","position":2,"name":"Startseite"}]},{"@type":"WebSite","@id":"https:\/\/sanjessafari.nl\/de\/#website","url":"https:\/\/sanjessafari.nl\/de\/","name":"Sanjes Safari | Het leukste familiepark van Noord Nederland","description":"Indoor speelparadijs, outdoor speeltuin, apenkooi, dierentuin, verkeerspark","potentialAction":[{"@type":"SearchAction","target":{"@type":"EntryPoint","urlTemplate":"https:\/\/sanjessafari.nl\/de\/?s={search_term_string}"},"query-input":{"@type":"PropertyValueSpecification","valueRequired":true,"valueName":"search_term_string"}}],"inLanguage":"de"}]}},"_links":{"self":[{"href":"https:\/\/sanjessafari.nl\/de\/wp-json\/wp\/v2\/pages\/15049","targetHints":{"allow":["GET"]}}],"collection":[{"href":"https:\/\/sanjessafari.nl\/de\/wp-json\/wp\/v2\/pages"}],"about":[{"href":"https:\/\/sanjessafari.nl\/de\/wp-json\/wp\/v2\/types\/page"}],"author":[{"embeddable":true,"href":"https:\/\/sanjessafari.nl\/de\/wp-json\/wp\/v2\/users\/1"}],"replies":[{"embeddable":true,"href":"https:\/\/sanjessafari.nl\/de\/wp-json\/wp\/v2\/comments?post=15049"}],"version-history":[{"count":5,"href":"https:\/\/sanjessafari.nl\/de\/wp-json\/wp\/v2\/pages\/15049\/revisions"}],"predecessor-version":[{"id":15541,"href":"https:\/\/sanjessafari.nl\/de\/wp-json\/wp\/v2\/pages\/15049\/revisions\/15541"}],"wp:featuredmedia":[{"embeddable":true,"href":"https:\/\/sanjessafari.nl\/de\/wp-json\/wp\/v2\/media\/15048"}],"wp:attachment":[{"href":"https:\/\/sanjessafari.nl\/de\/wp-json\/wp\/v2\/media?parent=15049"}],"curies":[{"name":"wp","href":"https:\/\/api.w.org\/{rel}","templated":true}]}}